{"id":202,"date":"2024-05-31T06:33:52","date_gmt":"2024-05-31T06:33:52","guid":{"rendered":"https:\/\/thehubtravel.com\/?page_id=202"},"modified":"2025-12-24T09:21:11","modified_gmt":"2025-12-24T14:21:11","slug":"privacy-policy","status":"publish","type":"page","link":"https:\/\/thehubtravel.net\/en\/politicas-de-privacidad\/","title":{"rendered":"Pol\u00edticas de privacidad"},"content":{"rendered":"<div data-elementor-type=\"wp-page\" data-elementor-id=\"202\" class=\"elementor elementor-202\" data-elementor-post-type=\"page\">\n\t\t\t\t<div class=\"elementor-element elementor-element-63fb765 e-flex e-con-boxed e-con e-parent\" data-id=\"63fb765\" data-element_type=\"container\" data-e-type=\"container\">\n\t\t\t\t\t<div class=\"e-con-inner\">\n\t\t\t\t<div class=\"elementor-element elementor-element-ca014fa elementor-widget elementor-widget-heading\" data-id=\"ca014fa\" data-element_type=\"widget\" data-e-type=\"widget\" data-widget_type=\"heading.default\">\n\t\t\t\t<div class=\"elementor-widget-container\">\n\t\t\t\t\t<h1 class=\"elementor-heading-title elementor-size-default\">Privacy Policy<\/h1>\t\t\t\t<\/div>\n\t\t\t\t<\/div>\n\t\t\t\t<div class=\"elementor-element elementor-element-ac32e72 elementor-widget elementor-widget-text-editor\" data-id=\"ac32e72\" data-element_type=\"widget\" data-e-type=\"widget\" data-widget_type=\"text-editor.default\">\n\t\t\t\t<div class=\"elementor-widget-container\">\n\t\t\t\t\t\t\t\t\t<p>The Hub Travel, S.A., is committed to maintaining the privacy of the personal information you provide to us when you use The Hub Travel, S.A. website. This Privacy Policy describes how we treat personal information we receive about you when you visit thehubtravel.net. We may make content or services from other websites, including our co-branded websites, available to you through links located on thehubtravel.net. These other websites are not subject to this Privacy Policy. We recommend that you review the privacy policy of each of those websites to determine how that site protects your privacy.<\/p>\t\t\t\t\t\t\t\t<\/div>\n\t\t\t\t<\/div>\n\t\t\t\t<div class=\"elementor-element elementor-element-6eb1e0e elementor-widget elementor-widget-heading\" data-id=\"6eb1e0e\" data-element_type=\"widget\" data-e-type=\"widget\" data-widget_type=\"heading.default\">\n\t\t\t\t<div class=\"elementor-widget-container\">\n\t\t\t\t\t<h2 class=\"elementor-heading-title elementor-size-default\">Privacy policy pledge:<\/h2>\t\t\t\t<\/div>\n\t\t\t\t<\/div>\n\t\t\t\t<div class=\"elementor-element elementor-element-9ca3889 elementor-widget elementor-widget-text-editor\" data-id=\"9ca3889\" data-element_type=\"widget\" data-e-type=\"widget\" data-widget_type=\"text-editor.default\">\n\t\t\t\t<div class=\"elementor-widget-container\">\n\t\t\t\t\t\t\t\t\t<p>While information is the cornerstone of our ability to provide superior service, our most important asset is our customers' trust. Keeping customer information secure, and using it only as our customers want us to, is a priority for all of us at The Hub Travel, S.A. Here, then, is our promise to our individual customers:<\/p><p>- We will safeguard, in accordance with strict security and confidentiality standards, any information our customers share with us.<\/p><p>- We will limit the collection and use of customer information to the minimum necessary to provide superior service to our customers, including advising our customers about our products, services and other opportunities, and to administer our business.<\/p><p>- We will allow only authorized employees, who are trained in the proper handling of customer information, to have access to that information. Employees who violate our Privacy Pledge will be subject to our normal disciplinary process.<\/p><p>- We will not disclose customer information to any outside organization unless we have previously informed the customer in disclosures or agreements, or as required by law.<\/p><p>- We will always maintain control over the confidentiality of our customers' information. However, we may share customer information with reputable companies when a customer has expressed interest in their service or product. Please note that this Privacy Policy does not apply to the use of customer information by these other companies.<\/p><p>- Whenever we contract with other organizations to provide support services, we will require them to adhere to our privacy standards and to allow us to audit them for compliance.<\/p><p>- We will attempt to keep customer records complete, up to date and accurate. We will tell our customers how and where to conveniently access their information (except where prohibited by law) and how to notify us of errors, which we will correct promptly.<\/p>\t\t\t\t\t\t\t\t<\/div>\n\t\t\t\t<\/div>\n\t\t\t\t<div class=\"elementor-element elementor-element-f02dfee elementor-widget elementor-widget-heading\" data-id=\"f02dfee\" data-element_type=\"widget\" data-e-type=\"widget\" data-widget_type=\"heading.default\">\n\t\t\t\t<div class=\"elementor-widget-container\">\n\t\t\t\t\t<h3 class=\"elementor-heading-title elementor-size-default\">General:<\/h3>\t\t\t\t<\/div>\n\t\t\t\t<\/div>\n\t\t\t\t<div class=\"elementor-element elementor-element-562563d elementor-widget elementor-widget-text-editor\" data-id=\"562563d\" data-element_type=\"widget\" data-e-type=\"widget\" data-widget_type=\"text-editor.default\">\n\t\t\t\t<div class=\"elementor-widget-container\">\n\t\t\t\t\t\t\t\t\t<p>When you register, and at other times, we may collect personally identifiable information about you that may include your name, address, telephone number, e-mail address and computer information. However, we do not knowingly collect personal information from children under the age of thirteen. In addition, if a user is under the age of 18, unless consent is obtained from their parent\/guardian, they are not permitted to provide us with personal information.<\/p><p>Information about the use of the website:<\/p><p>We automatically collect IP addresses and website usage information from you when you visit our website. This information helps us evaluate how our visitors and customers use and navigate our website in the aggregate, including the number and frequency of visitors and customers to each web page, and the length of their visits.<\/p><p>How we use the information we collect<\/p><p>We may use information in the following ways:<\/p><p>- For the purposes for which you specifically provided the information.<\/p><p>- To send you email notifications about our new or existing products and services, special offers or to otherwise contact you.<\/p><p>- To improve existing functions or develop new functions, products and services.<\/p><p>- To allow us to customize the content and advertising that you and others see, based on personal characteristics or preferences.<\/p><p>- We may combine the information we collect from you on thehubtravel.net with information you provide to us in connection with your use of our other products, services and website.<\/p><p>- We may disclose and use personally identifiable information in special circumstances when necessary to enforce our terms of use (for example, when necessary to protect our intellectual property rights). We may also disclose or use your personal information when we, in good faith, believe that we are required to do so by law.<\/p>\t\t\t\t\t\t\t\t<\/div>\n\t\t\t\t<\/div>\n\t\t\t\t<div class=\"elementor-element elementor-element-ab80696 elementor-widget elementor-widget-heading\" data-id=\"ab80696\" data-element_type=\"widget\" data-e-type=\"widget\" data-widget_type=\"heading.default\">\n\t\t\t\t<div class=\"elementor-widget-container\">\n\t\t\t\t\t<h3 class=\"elementor-heading-title elementor-size-default\">Cookies:<\/h3>\t\t\t\t<\/div>\n\t\t\t\t<\/div>\n\t\t\t\t<div class=\"elementor-element elementor-element-e4fb7a0 elementor-widget elementor-widget-text-editor\" data-id=\"e4fb7a0\" data-element_type=\"widget\" data-e-type=\"widget\" data-widget_type=\"text-editor.default\">\n\t\t\t\t<div class=\"elementor-widget-container\">\n\t\t\t\t\t\t\t\t\t<p>We use cookie technology to help visitors and customers move more quickly through our site. When you access our website or take advantage of various key features, we may pass cookies to your computer. A cookie is a string of information that is sent by a Web site and stored on your hard drive or temporarily in your computer's memory.<\/p>\t\t\t\t\t\t\t\t<\/div>\n\t\t\t\t<\/div>\n\t\t\t\t<div class=\"elementor-element elementor-element-411b92e elementor-widget elementor-widget-heading\" data-id=\"411b92e\" data-element_type=\"widget\" data-e-type=\"widget\" data-widget_type=\"heading.default\">\n\t\t\t\t<div class=\"elementor-widget-container\">\n\t\t\t\t\t<h3 class=\"elementor-heading-title elementor-size-default\">Security:<\/h3>\t\t\t\t<\/div>\n\t\t\t\t<\/div>\n\t\t\t\t<div class=\"elementor-element elementor-element-447c7c3 elementor-widget elementor-widget-text-editor\" data-id=\"447c7c3\" data-element_type=\"widget\" data-e-type=\"widget\" data-widget_type=\"text-editor.default\">\n\t\t\t\t<div class=\"elementor-widget-container\">\n\t\t\t\t\t\t\t\t\t<p>The personally identifiable information we collect about you is stored on limited access servers. We will maintain security measures to protect the security of these servers and your personally identifiable information.<\/p>\t\t\t\t\t\t\t\t<\/div>\n\t\t\t\t<\/div>\n\t\t\t\t<div class=\"elementor-element elementor-element-f31cf85 elementor-widget elementor-widget-heading\" data-id=\"f31cf85\" data-element_type=\"widget\" data-e-type=\"widget\" data-widget_type=\"heading.default\">\n\t\t\t\t<div class=\"elementor-widget-container\">\n\t\t\t\t\t<h3 class=\"elementor-heading-title elementor-size-default\">Internet Transfers:<\/h3>\t\t\t\t<\/div>\n\t\t\t\t<\/div>\n\t\t\t\t<div class=\"elementor-element elementor-element-4954e3b elementor-widget elementor-widget-text-editor\" data-id=\"4954e3b\" data-element_type=\"widget\" data-e-type=\"widget\" data-widget_type=\"text-editor.default\">\n\t\t\t\t<div class=\"elementor-widget-container\">\n\t\t\t\t\t\t\t\t\t<p>As the Internet is a global environment, the use of the Internet to collect and process personal data necessarily involves the transmission of data on an international basis. Therefore, by browsing thehubtravel.net and communicating electronically with us, you acknowledge and agree that we process your personal data in this way.<\/p>\t\t\t\t\t\t\t\t<\/div>\n\t\t\t\t<\/div>\n\t\t\t\t<div class=\"elementor-element elementor-element-53052be elementor-widget elementor-widget-heading\" data-id=\"53052be\" data-element_type=\"widget\" data-e-type=\"widget\" data-widget_type=\"heading.default\">\n\t\t\t\t<div class=\"elementor-widget-container\">\n\t\t\t\t\t<h2 class=\"elementor-heading-title elementor-size-default\">Policy modifications:<\/h2>\t\t\t\t<\/div>\n\t\t\t\t<\/div>\n\t\t\t\t<div class=\"elementor-element elementor-element-4f891e8 elementor-widget elementor-widget-text-editor\" data-id=\"4f891e8\" data-element_type=\"widget\" data-e-type=\"widget\" data-widget_type=\"text-editor.default\">\n\t\t\t\t<div class=\"elementor-widget-container\">\n\t\t\t\t\t\t\t\t\t<p>We may change this Privacy Policy from time to time. We will post any changes here, so be sure to check back periodically. However, please be assured that if the Privacy Policy changes in the future, we will not use the personal information you have submitted to us under this Privacy Policy in a manner that is materially inconsistent with this Privacy Policy, without your prior consent.<\/p>\t\t\t\t\t\t\t\t<\/div>\n\t\t\t\t<\/div>\n\t\t\t\t<div class=\"elementor-element elementor-element-4678581 elementor-widget elementor-widget-heading\" data-id=\"4678581\" data-element_type=\"widget\" data-e-type=\"widget\" data-widget_type=\"heading.default\">\n\t\t\t\t<div class=\"elementor-widget-container\">\n\t\t\t\t\t<h2 class=\"elementor-heading-title elementor-size-default\">Comments and questions:<\/h2>\t\t\t\t<\/div>\n\t\t\t\t<\/div>\n\t\t\t\t<div class=\"elementor-element elementor-element-d762e14 elementor-widget elementor-widget-text-editor\" data-id=\"d762e14\" data-element_type=\"widget\" data-e-type=\"widget\" data-widget_type=\"text-editor.default\">\n\t\t\t\t<div class=\"elementor-widget-container\">\n\t\t\t\t\t\t\t\t\t<p>If you have any questions, comments or concerns about our Privacy Policy, please contact us at info.support@thehubtravel.net.<\/p>\t\t\t\t\t\t\t\t<\/div>\n\t\t\t\t<\/div>\n\t\t\t\t\t<\/div>\n\t\t\t\t<\/div>\n\t\t\t\t<\/div>","protected":false},"excerpt":{"rendered":"<p>Pol\u00edticas de Privacidad The Hub Travel, S.A., se compromete a mantener la privacidad de la informaci\u00f3n personal que usted nos proporciona cuando utiliza el sitio web de The Hub Travel, S.A. Esta Pol\u00edtica de Privacidad describe c\u00f3mo tratamos la informaci\u00f3n personal que recibimos sobre usted cuando visita thehubtravel.net. Podemos poner a su disposici\u00f3n contenidos o [&hellip;]<\/p>\n","protected":false},"author":5,"featured_media":0,"parent":0,"menu_order":0,"comment_status":"closed","ping_status":"closed","template":"elementor_header_footer","meta":{"_acf_changed":false,"footnotes":""},"class_list":["post-202","page","type-page","status-publish","hentry"],"acf":[],"_links":{"self":[{"href":"https:\/\/thehubtravel.net\/en\/wp-json\/wp\/v2\/pages\/202","targetHints":{"allow":["GET"]}}],"collection":[{"href":"https:\/\/thehubtravel.net\/en\/wp-json\/wp\/v2\/pages"}],"about":[{"href":"https:\/\/thehubtravel.net\/en\/wp-json\/wp\/v2\/types\/page"}],"author":[{"embeddable":true,"href":"https:\/\/thehubtravel.net\/en\/wp-json\/wp\/v2\/users\/5"}],"replies":[{"embeddable":true,"href":"https:\/\/thehubtravel.net\/en\/wp-json\/wp\/v2\/comments?post=202"}],"version-history":[{"count":28,"href":"https:\/\/thehubtravel.net\/en\/wp-json\/wp\/v2\/pages\/202\/revisions"}],"predecessor-version":[{"id":3687,"href":"https:\/\/thehubtravel.net\/en\/wp-json\/wp\/v2\/pages\/202\/revisions\/3687"}],"wp:attachment":[{"href":"https:\/\/thehubtravel.net\/en\/wp-json\/wp\/v2\/media?parent=202"}],"curies":[{"name":"wp","href":"https:\/\/api.w.org\/{rel}","templated":true}]}}