{"id":2698,"date":"2025-08-27T13:05:15","date_gmt":"2025-08-27T18:05:15","guid":{"rendered":"https:\/\/thehubtravel.com\/?page_id=2698"},"modified":"2026-01-26T15:54:06","modified_gmt":"2026-01-26T20:54:06","slug":"partner-program","status":"publish","type":"page","link":"https:\/\/thehubtravel.net\/en\/programa-de-socios\/","title":{"rendered":"Partner Program"},"content":{"rendered":"<div data-elementor-type=\"wp-page\" data-elementor-id=\"2698\" class=\"elementor elementor-2698\" data-elementor-post-type=\"page\">\n\t\t\t\t<div class=\"elementor-element elementor-element-eb38c63 e-flex e-con-boxed e-con e-parent\" data-id=\"eb38c63\" data-element_type=\"container\" data-e-type=\"container\" data-settings=\"{&quot;background_background&quot;:&quot;classic&quot;}\">\n\t\t\t\t\t<div class=\"e-con-inner\">\n\t\t\t\t<div class=\"elementor-element elementor-element-9fc500c elementor-widget elementor-widget-heading\" data-id=\"9fc500c\" data-element_type=\"widget\" data-e-type=\"widget\" data-widget_type=\"heading.default\">\n\t\t\t\t<div class=\"elementor-widget-container\">\n\t\t\t\t\t<h1 class=\"elementor-heading-title elementor-size-default\">Partner Program<\/h1>\t\t\t\t<\/div>\n\t\t\t\t<\/div>\n\t\t\t\t\t<\/div>\n\t\t\t\t<\/div>\n\t\t<div class=\"elementor-element elementor-element-63fb765 e-flex e-con-boxed e-con e-parent\" data-id=\"63fb765\" data-element_type=\"container\" data-e-type=\"container\">\n\t\t\t\t\t<div class=\"e-con-inner\">\n\t\t\t\t<div class=\"elementor-element elementor-element-ac32e72 elementor-widget elementor-widget-text-editor\" data-id=\"ac32e72\" data-element_type=\"widget\" data-e-type=\"widget\" data-widget_type=\"text-editor.default\">\n\t\t\t\t<div class=\"elementor-widget-container\">\n\t\t\t\t\t\t\t\t\t<p>Growing together towards a more reliable, innovative and global tourism.<br \/>At The Hub Travel, S.A. we believe in the power of partnerships. We build relationships based on trust, transparency and mutual benefit, driving tourism companies to connect with new markets and opportunities.<br \/>Our Partner Program is designed to integrate companies in the tourism sector that wish to market their products and services in a high-level digital environment, under a fair, professional and profitable collaboration framework.<\/p><p><b>Program Objective<br \/><\/b><br \/>To create a strong network of affiliated companies that share our commitment to quality, innovation and customer satisfaction, ensuring authentic, safe and memorable travel experiences for our platform users.<\/p><p><b>Membership Requirements<br \/><\/b><br \/>To join the Partners Program\u00a0<span style=\", sans-serif;font-size: 14px\">The Hub Travel, S.A.<\/span>, companies must:<\/p><ul><li>Be legally constituted and authorized to operate in the tourism sector.<\/li><li>To have updated licenses and registrations required by the competent authorities.<\/li><li>Offer products or services that are verified and of proven quality.<\/li><li>Maintain clear and transparent policies on pricing, cancellations, refunds and terms of use.<\/li><li>Provide professional, agile and respectful customer service.<\/li><li>Comply with all legal and fiscal regulations applicable to its activity.<\/li><\/ul><p><strong><br \/>How to join the program<\/strong><\/p><ol><li>Send us a message expressing your interest in joining our partner program by clicking here. <a href=\"https:\/\/thehubtravel.net\/en\/contact\/\">here.<\/a><\/li><li>Attach the necessary documentation for the verification of your company (licenses, certificates, registrations, etc.).<\/li><li>Our team will evaluate the request and respond within a maximum of 15 business days.<\/li><li>If approved, a Collaboration Agreement will be signed that will define the commercial and operational terms.<\/li><li>After signing, your products or services will be integrated into our e-commerce and you will start selling with us.<\/li><\/ol><p><strong><br \/>Member Commitments<\/strong><\/p><p>Program partners commit to:<\/p><ul><li>Maintain updated and accurate information about its products and services.<\/li><li>Comply with the agreed quality and service conditions.<\/li><li>Respond efficiently and professionally to requests and reservations.<\/li><li>Respect legal and consumer protection regulations.<\/li><li>Notify any changes in prices, policies or availability in advance.<\/li><\/ul><p><strong><br \/>Exclusive Member Benefits<\/strong><\/p><p>To be part of the ecosystem of\u00a0<span style=\", sans-serif;font-size: 14px\">The Hub Travel, S.A.<\/span>\u00a0offers you:<\/p><ul><li>Access to a digital sales channel specialized in tourism, with national and international reach.<\/li><li>Increased visibility and positioning of your brand to a global traveling public.<\/li><li>Support in digital marketing, SEO positioning and exclusive promotional campaigns.<\/li><li>Increased revenues thanks to our active network of customers and users.<\/li><li>Collaboration in projects, fairs, events and joint campaigns within the sector.<\/li><\/ul><p><strong><br \/>Rights of The Hub Travel, S.A.<\/strong><\/p><p>We reserve the right to:<\/p><ul><li>Request additional information to verify the legal and operational validity of the company.<\/li><li>Audit the quality of the products or services offered.<\/li><li>Temporarily suspend the display of products\/services in case of non-compliance.<\/li><li>Modify the conditions of affiliation, giving reasonable notice.<\/li><\/ul><p><strong><br \/>Termination of the Collaboration<\/strong><\/p><p>Membership may be terminated:<\/p><ul><li>By the Member, by giving 30 days written notice.<\/li><li>On behalf of\u00a0<span style=\", sans-serif;font-size: 14px\">The Hub Travel, S.A.<\/span>, in case of contractual, legal or reputational non-compliance.<\/li><\/ul><p>In both cases, the member must comply with the reserves and obligations in force until the effective date of termination.<\/p><p><strong>Become part of our global network of partners<\/strong><\/p><p>If you share our vision of a more connected, ethical and sustainable tourism, join our family.<br \/>Contact us today at info.support@thehubtravel.net and take your business to the next level.<\/p>\t\t\t\t\t\t\t\t<\/div>\n\t\t\t\t<\/div>\n\t\t\t\t\t<\/div>\n\t\t\t\t<\/div>\n\t\t\t\t<\/div>","protected":false},"excerpt":{"rendered":"<p>Programa de Socios Creciendo juntos hacia un turismo m\u00e1s confiable, innovador y global.En The Hub Travel, S.A. creemos en el poder de las alianzas. Construimos relaciones basadas en confianza, transparencia y beneficio mutuo, impulsando a las empresas tur\u00edsticas a conectar con nuevos mercados y oportunidades.Nuestro Programa de Socios est\u00e1 dise\u00f1ado para integrar a empresas del [&hellip;]<\/p>\n","protected":false},"author":9,"featured_media":0,"parent":0,"menu_order":0,"comment_status":"closed","ping_status":"closed","template":"elementor_header_footer","meta":{"_acf_changed":false,"footnotes":""},"class_list":["post-2698","page","type-page","status-publish","hentry"],"acf":[],"_links":{"self":[{"href":"https:\/\/thehubtravel.net\/en\/wp-json\/wp\/v2\/pages\/2698","targetHints":{"allow":["GET"]}}],"collection":[{"href":"https:\/\/thehubtravel.net\/en\/wp-json\/wp\/v2\/pages"}],"about":[{"href":"https:\/\/thehubtravel.net\/en\/wp-json\/wp\/v2\/types\/page"}],"author":[{"embeddable":true,"href":"https:\/\/thehubtravel.net\/en\/wp-json\/wp\/v2\/users\/9"}],"replies":[{"embeddable":true,"href":"https:\/\/thehubtravel.net\/en\/wp-json\/wp\/v2\/comments?post=2698"}],"version-history":[{"count":41,"href":"https:\/\/thehubtravel.net\/en\/wp-json\/wp\/v2\/pages\/2698\/revisions"}],"predecessor-version":[{"id":3774,"href":"https:\/\/thehubtravel.net\/en\/wp-json\/wp\/v2\/pages\/2698\/revisions\/3774"}],"wp:attachment":[{"href":"https:\/\/thehubtravel.net\/en\/wp-json\/wp\/v2\/media?parent=2698"}],"curies":[{"name":"wp","href":"https:\/\/api.w.org\/{rel}","templated":true}]}}